{"id":20115,"date":"2020-06-10T11:50:41","date_gmt":"2020-06-10T11:50:41","guid":{"rendered":"https:\/\/demo.themexbd.com\/wpt\/logonit\/about-style-04"},"modified":"2024-11-14T14:24:00","modified_gmt":"2024-11-14T14:24:00","slug":"about-2","status":"publish","type":"page","link":"https:\/\/fmcorp.com.br\/index.php\/about-2\/","title":{"rendered":"Sobre"},"content":{"rendered":"\t\t<div data-elementor-type=\"wp-page\" data-elementor-id=\"20115\" class=\"elementor elementor-20115\" data-elementor-post-type=\"page\">\n\t\t\t\t\t\t<section class=\"elementor-section elementor-top-section elementor-element elementor-element-7a2d7b7 elementor-section-boxed elementor-section-height-default elementor-section-height-default\" data-id=\"7a2d7b7\" data-element_type=\"section\">\n\t\t\t\t\t\t<div class=\"elementor-container elementor-column-gap-default\">\n\t\t\t\t\t<div class=\"elementor-column elementor-col-50 elementor-top-column elementor-element elementor-element-5c23e28\" data-id=\"5c23e28\" data-element_type=\"column\">\n\t\t\t<div class=\"elementor-widget-wrap elementor-element-populated\">\n\t\t\t\t\t\t<div class=\"elementor-element elementor-element-98b3241 elementor-widget elementor-widget-witr_section_title\" data-id=\"98b3241\" data-element_type=\"widget\" data-widget_type=\"witr_section_title.default\">\n\t\t\t\t<div class=\"elementor-widget-container\">\n\t\t\t\t\t\t\t\t<!-- title left -->\n\t\t\t\t\t<div class=\"witr_section_title\">\n\t\t\t\t\t\t<div class=\"witr_section_title_inner text-left\">\n\t\t\t\t\t\t\n\t\t\t\t\t\t\t<!-- icon position -->\n\t\t\t\t\t\t\t\t\n\t\t\t\t\t\t\t<!-- end icon position -->\n\t\t\t\t\t\t\n\t\t\t\t\t\t\n\t\t\t\t\t\t\t<!-- title top -->\n\t\t\t\t\t\t\t\n\t\t\t\t\t\t\t<!-- icon position -->\n\t\t\t\t\t\t\t\t\n\t\t\t\t\t\t\t<!-- end icon position -->\n\n\t\t\t\t\t\t\t\n\t\t\t\t\t\t\t<!-- title middle -->\n\t\t\t\t\t\t\t\t\t\t\t\t\t\t\t<h3>Nossa Hist\u00f3ria<\/h3>\t\t\n\t\t\t\t\t\t\t\t\t\t\t\t\t\t<!-- title bottom -->\n\t\t\t\t\t\t\t\t\t\t\t\t\t\t\n\t\t\t\t\t\t\t<!-- icon position -->\n\t\t\t\t\t\t\t\t\t\t\t\t\t\t\n\t\t\t\t\t\t\t<!-- image -->\n\t\t\t\t\t\t\t\t\t\t\t\t\t\t<!-- icon -->\n\t\t\t\t\t\t\t\t\t\t\t\t\t\t\n\t\t\t\t\t\t\t<!-- bar -->\n\t\t\t\t\t\t\t\n\t\t\t\t\t\t\t\n\t\t\t\t\t\t\t\t\n\t\t\t\t\t\t\t<!-- end icon position -->\n\n\t\t\t\t\t\t\t<!-- content -->\n\t\t\t\t\t\t\t\t\t\t\t\t\t<\/div>\n\t\t\t\t\t\t\t<!-- inner title -->\n\t\t\t\t\t\t\t\t\t\t\t\t\t\n\t\t\t\t\t<\/div>\t\t\t\t\n\t\t\t\t\t\t<\/div>\n\t\t\t\t<\/div>\n\t\t\t\t<div class=\"elementor-element elementor-element-0933df5 elementor-widget elementor-widget-witr_section_carousel_image\" data-id=\"0933df5\" data-element_type=\"widget\" data-widget_type=\"witr_section_carousel_image.default\">\n\t\t\t\t<div class=\"elementor-widget-container\">\n\t\t\t\t\t\t\t<!--======SCREENSHOTS PART START wittr_car_top_right ======-->\n\t\t\t\t<div class=\"imagess_area wittr_car_top_left\">\n\t\t\t\t\n\t\t\t\t\t\t<div class=\"witr_car_overlay imagess_id1\">\n\t\t\t\t\t\t\n\t\t\t\t\t\t\t<div class=\"witr_slick_columns\"><div class=\"slide_items\"><img decoding=\"async\" src=\"https:\/\/fmcorp.com.br\/wp-content\/uploads\/2024\/11\/WhatsApp-Image-2024-11-11-at-11.46.43-1.jpeg\" alt=\"\"\/><\/div><\/div><div class=\"witr_slick_columns\"><div class=\"slide_items\"><img decoding=\"async\" src=\"https:\/\/fmcorp.com.br\/wp-content\/uploads\/2024\/11\/WhatsApp-Image-2024-11-11-at-11.46.43-2.jpeg\" alt=\"\"\/><\/div><\/div><div class=\"witr_slick_columns\"><div class=\"slide_items\"><img decoding=\"async\" src=\"https:\/\/fmcorp.com.br\/wp-content\/uploads\/2024\/11\/WhatsApp-Image-2024-11-11-at-11.46.43-3.jpeg\" alt=\"\"\/><\/div><\/div><div class=\"witr_slick_columns\"><div class=\"slide_items\"><img decoding=\"async\" src=\"https:\/\/fmcorp.com.br\/wp-content\/uploads\/2024\/11\/WhatsApp-Image-2024-11-11-at-11.46.43.jpeg\" alt=\"\"\/><\/div><\/div><div class=\"witr_slick_columns\"><div class=\"slide_items\"><img decoding=\"async\" src=\"https:\/\/fmcorp.com.br\/wp-content\/uploads\/2024\/11\/WhatsApp-Image-2024-11-11-at-11.46.44-1.jpeg\" alt=\"\"\/><\/div><\/div><div class=\"witr_slick_columns\"><div class=\"slide_items\"><img decoding=\"async\" src=\"https:\/\/fmcorp.com.br\/wp-content\/uploads\/2024\/11\/WhatsApp-Image-2024-11-11-at-11.46.44.jpeg\" alt=\"\"\/><\/div><\/div>\n\t\t\t\t\t\t<\/div>\n\n\t\t\t\t\t\t\n\t\t\t\t\t\t\t\t\t\n\t\t\t\t<\/div> \n\t\t\t\t<!--======SCREENSHOTS PART ENDS ======-->\t\t\t\n\t\n\t<script type='text\/javascript'>\n\t\tjQuery(function($){\n\n\n\t\t\t\/*====== Screenshots Slide Slick =======*\/\n\t\t\t$('.imagess_id1').slick({\t\n\n\t\t\t\tinfinite: true,\n\t\t\t\tautoplay: true,\n\t\t\t\tautoplaySpeed: 1000,\n\t\t\t\tspeed: 700,\t\t\t\t\t\n\t\t\t\tslidesToShow: 1,\n\t\t\t\tslidesToScroll: 1,\n\t\t\t\tcenterMode: true,\n\t\t\t\tcenterPadding: '',\t\t\t\t\t\n\t\t\t\tarrows: false,\n\t\t\t\tdots: false,\n\t\t\t\tresponsive: [\n\t\t\t\t\t{\n\t\t\t\t\t\tbreakpoint: 1200,\n\t\t\t\t\t\tsettings: {\n\t\t\t\t\t\t\tslidesToShow: 1,\n\t\t\t\t\t\t\tslidesToScroll: 1,\n\t\t\t\t\t\t}\n\t\t\t\t},\n\t\t\t\t\t{\n\t\t\t\t\t\tbreakpoint: 992,\n\t\t\t\t\t\tsettings: {\n\t\t\t\t\t\t\tslidesToShow: 1,\n\t\t\t\t\t\t\tslidesToScroll: 1,\n\t\t\t\t\t\t}\n\t\t\t\t},\n\t\t\t\t\t{\n\t\t\t\t\t\tbreakpoint: 768,\n\t\t\t\t\t\tsettings: {\n\t\t\t\t\t\t\tslidesToShow: 1,\n\t\t\t\t\t\t\tslidesToScroll: 1,\n\t\t\t\t\t\t}\n\t\t\t\t}\n\t\t\t\t\/\/ You can unslick at a given breakpoint now by adding:\n\t\t\t\t\/\/ settings: \"unslick\"\n\t\t\t\t\/\/ instead of a settings object\n\t\t\t\t]\n\t\t\t});\n\n\t\t});\n\t<\/script>\t\t\n\t\t\n\t\t\n\t\t\n\t\t\n\n\t\t<\/div>\n\t\t\t\t<\/div>\n\t\t\t\t\t<\/div>\n\t\t<\/div>\n\t\t\t\t<div class=\"elementor-column elementor-col-50 elementor-top-column elementor-element elementor-element-e16a5f3\" data-id=\"e16a5f3\" data-element_type=\"column\">\n\t\t\t<div class=\"elementor-widget-wrap elementor-element-populated\">\n\t\t\t\t\t\t<div class=\"elementor-element elementor-element-5b1f564 elementor-widget elementor-widget-witr_section_service\" data-id=\"5b1f564\" data-element_type=\"widget\" data-widget_type=\"witr_section_service.default\">\n\t\t\t\t<div class=\"elementor-widget-container\">\n\t\t\t\t\n\t\t\n\t\t\t<div class=\"em-service2 sleft all_color_service\">\n\t\t\t\t<div class=\"em_service_content \">\n\t\t\t\t\t<div class=\"em_single_service_text\">\n\t\t\t\t\t\t<div class=\"service_top_image\">\n\t\t\t\t\t\t\t<!-- image -->\n\t\t\t\t\t\t\t\t\t\t\n\t\t\t\t\t\t<\/div>\n\t\t\t\t\t\t<div class=\"text_box\">\n\t\t\t\t\t\t\t<div class=\"service_top_text all_icon_color\">\n\t\t\t\t\t\t\t\t<div class=\"em-service-icon\">\n\t\t\t\t\t\t\t\t\t<!-- icon -->\n\t\t\t\t\t\t\t\t\t<i aria-hidden=\"true\" class=\"aprova aprova-roof\"><\/i>\t\t\t\t\t\n\t\t\t\t\t\t\t\t\t<!-- custom icon -->\n\t\t\t\t\t\t\t\t\t\t\t\t\t\t\t\t\t\t<!-- image -->\n\t\t\t\t\t\t\t\t\t\t\t\t\t\n\t\t\t\t\t\t\t\t<\/div>\t\t\t\n\t\t\t\t\t\t\t<\/div>\n\t\t\t\t\t\t\t<div class=\"em-service-inner\">\n\t\t\t\t\t\t\t\t<div class=\"em-service-title\">\n\t\t\t\t\t\t\t\t\t<!-- title -->\n\t\t\t\t\t\t\t\t\t\t\t\t\t\t\t\t\t\t<!-- content -->\n\t\t\t\t\t\t\t\t<\/div>\t\t\t\t\t\t\n\t\t\t\t\t\t\t\t<div class=\"em-service-desc\">\n\t\t\t\t\t\t\t\t\t\t\t\t\t\t\t\t\t\t\t<p>Fundada em 2007 por F\u00e1bio Moreira, a empresa iniciou como consultoria de tecnologia e, ao longo do tempo, cresceu e ganhou experi\u00eancia. Posteriormente, expandiu suas opera\u00e7\u00f5es para vendas de produtos. Em 2012, houve uma divis\u00e3o, que resultou no nascimento da MultiFour Distribuidora de Produtos.\n\nF\u00e1bio Moreira, desde crian\u00e7a, sempre teve o desejo de ajudar o pr\u00f3ximo. Iniciou projetos sociais em 1996 e, aos 12 anos, come\u00e7ou sua carreira profissional em 1992. Mais tarde, em 2018, ingressou na carreira pol\u00edtica, lan\u00e7ando os site (www.fabiosilvamoreira.com.br) e o canal (www.falafabiomoreira.com.br)\n\nDesde 2016, atua no setor financeiro. Em 2017, tornou-se parceiro do Eccentric Bank, ao lado do ent\u00e3o propriet\u00e1rio Ant\u00f4nio Bello. Em 2022, tornou-se s\u00f3cio do banco, estabelecendo uma parceria de grande sucesso com Ant\u00f4nio Bello.\n\nInfelizmente, Ant\u00f4nio Bello faleceu em setembro de 2023. No entanto, o projeto continuou sob a lideran\u00e7a de F\u00e1bio Moreira. Em 2024, F\u00e1bio adquiriu 100% do banco e o renomeou para FJBANK (em homenagem a Marca: F de F\u00e1bio\/F\u00e9 e J Jos\u00e9 seu filho Jos\u00e9 Augusto Moreira\/Jesus).\n\nO melhor Banco Digital, plataforma inovadora, com tecnologia de ponta, retomando forte presen\u00e7a no mercado com as menores taxas do mercado e outros benef\u00edcios para os clientes e estabelecimentos, com a filosofia de come\u00e7ar pequeno, pensando grande e crescer r\u00e1pido. Com a meta de estar entre as 5 principais meios de pagamentos do Brasil nos pr\u00f3ximos anos. <\/p>\t\t\n\t\t\t\t\t\t\t\t\t\t\t\t\t\t\t\t\t<\/div>\n\t\t\t\t\t\t\t\t<!-- button -->\n\t\t\t\t\t\t\t\t\t\t\t\t\n\t\t\t\t\t\t\t<\/div>\n\t\t\t\t\t\t<\/div>\n\t\t\t\t\t<\/div>\n\t\t\t\t<\/div>\n\t\t\t<\/div>\t\t\t\n\n\t\t\t\t\n\t\t\t\t<\/div>\n\t\t\t\t<\/div>\n\t\t\t\t\t<\/div>\n\t\t<\/div>\n\t\t\t\t\t<\/div>\n\t\t<\/section>\n\t\t\t\t<\/div>\n\t\t","protected":false},"excerpt":{"rendered":"<p>Nossa Hist\u00f3ria Fundada em 2007 por F\u00e1bio Moreira, a empresa iniciou como consultoria de tecnologia e, ao longo do tempo, cresceu e ganhou experi\u00eancia. Posteriormente, expandiu suas opera\u00e7\u00f5es para vendas de produtos. Em 2012, houve uma divis\u00e3o, que resultou no nascimento da MultiFour Distribuidora de Produtos. F\u00e1bio Moreira, desde crian\u00e7a, sempre teve o desejo de [&hellip;]<\/p>\n","protected":false},"author":1,"featured_media":0,"parent":0,"menu_order":0,"comment_status":"closed","ping_status":"closed","template":"template-home.php","meta":{"footnotes":""},"class_list":["post-20115","page","type-page","status-publish","hentry"],"_links":{"self":[{"href":"https:\/\/fmcorp.com.br\/index.php\/wp-json\/wp\/v2\/pages\/20115"}],"collection":[{"href":"https:\/\/fmcorp.com.br\/index.php\/wp-json\/wp\/v2\/pages"}],"about":[{"href":"https:\/\/fmcorp.com.br\/index.php\/wp-json\/wp\/v2\/types\/page"}],"author":[{"embeddable":true,"href":"https:\/\/fmcorp.com.br\/index.php\/wp-json\/wp\/v2\/users\/1"}],"replies":[{"embeddable":true,"href":"https:\/\/fmcorp.com.br\/index.php\/wp-json\/wp\/v2\/comments?post=20115"}],"version-history":[{"count":11,"href":"https:\/\/fmcorp.com.br\/index.php\/wp-json\/wp\/v2\/pages\/20115\/revisions"}],"predecessor-version":[{"id":20345,"href":"https:\/\/fmcorp.com.br\/index.php\/wp-json\/wp\/v2\/pages\/20115\/revisions\/20345"}],"wp:attachment":[{"href":"https:\/\/fmcorp.com.br\/index.php\/wp-json\/wp\/v2\/media?parent=20115"}],"curies":[{"name":"wp","href":"https:\/\/api.w.org\/{rel}","templated":true}]}}