{"id":3635,"date":"2020-10-22T12:42:43","date_gmt":"2020-10-22T12:42:43","guid":{"rendered":"http:\/\/localhost\/invenit\/?page_id=3635"},"modified":"2024-11-11T16:08:45","modified_gmt":"2024-11-11T16:08:45","slug":"technology","status":"publish","type":"page","link":"https:\/\/fmcorp.com.br\/","title":{"rendered":"Inicio"},"content":{"rendered":"\t\t<div data-elementor-type=\"wp-page\" data-elementor-id=\"3635\" class=\"elementor elementor-3635\" data-elementor-post-type=\"page\">\n\t\t\t\t\t\t<section class=\"elementor-section elementor-top-section elementor-element elementor-element-96d1761 elementor-section-full_width elementor-section-height-default elementor-section-height-default\" data-id=\"96d1761\" data-element_type=\"section\">\n\t\t\t\t\t\t\t<div class=\"elementor-background-overlay\"><\/div>\n\t\t\t\t\t\t\t<div class=\"elementor-container elementor-column-gap-default\">\n\t\t\t\t\t<div class=\"elementor-column elementor-col-100 elementor-top-column elementor-element elementor-element-f42971d\" data-id=\"f42971d\" data-element_type=\"column\">\n\t\t\t<div class=\"elementor-widget-wrap elementor-element-populated\">\n\t\t\t\t\t\t<div class=\"elementor-element elementor-element-3d9f3b1 elementor-widget elementor-widget-witr_slick_slider\" data-id=\"3d9f3b1\" data-element_type=\"widget\" data-widget_type=\"witr_slick_slider.default\">\n\t\t\t\t<div class=\"elementor-widget-container\">\n\t\t\t<!-- slider area -->\n\t<div class=\"witr_ds_content_area witr_dsider_js_active simages_id1\">\n\n\t\t\t\t\t\t<!-- single slider item -->\n\t\t\t\t\t<div class=\"witr_ds_slider_content witr_slick_content\">\n\t\t\t\t\t\t<div class=\" witr_ds_content witr_slick_height  text-center witr_current_id-b6d0cf9\"  style=\"background-image:url(https:\/\/themexbd.com\/themex\/business2\/wp-content\/uploads\/2020\/10\/tslider1.png);\">\n\t\t\t\t\t\t\t<div class=\"witr_ds_content_inner container\">\n\t\t\t\t\t\t\t\t<!-- title -->\n\t\t\t\t\t\t\t\t\t\t\t\t\t\t\t\t\t<h1>Inova\u00e7\u00e3o e Experi\u00eancia<\/h1>\n\t\t\t\t\t\t\t\t\t\t\t\t\t\t\t\t<!-- title 2 -->\n\t\t\t\t\t\t\t\t\t\t\t\t\t\t\t\t\t<h2>Transformando Neg\u00f3cios<\/h2>\n\t\t\t\t\t\t\t\t\t\t\t\t\t\t\t\t<!-- title 3 -->\n\t\t\t\t\t\t\t\t\t\t\t\t\t\t\t\t<!-- content -->\n\t\t\t\t\t\t\t\t\t\t\t\t\t\t\t\t\t<p>Nossa holding foi fundada com o compromisso de transformar neg\u00f3cios atrav\u00e9s de tecnologia, distribui\u00e7\u00e3o e servi\u00e7os financeiros.<\/p>\n\t\t\t\t\t\t\t\t\t\t\t\t\t\t\t\n\t\t\t\t\t\t\t\n\t\t\t\t\t\t\n\t\t\t\t\t\t\t\n\t\t\t\t\t\t\t\n\t\t\t\t<!-- btn gradient style -->\n\t\t\t\t<div class=\"slider_btn\">\n\t\t\t\t\t<div class=\"witr_btn_style\">\n\t\t\t\t\t\t<div class=\"witr_btn_sinner\">\n\t\t\t\t\t\t\t<!-- button -->\n\t\t\t\t\t\t\t\n\t\t\t\t\t\t\t<!-- video button -->\n\t\t\t\t\t\t\t\t\t\t\t\t\n\t\t\t\t\t\t\t\t\t\t<\/div>\n\t\t\t\t\t\t\t\t\t<\/div>\n\t\t\t\t\t\t\t\t<\/div>\t\t\t\t\t\t\t\n\t\t\t\t\t\t\t<\/div>\n\t\t\t\t\t\t<\/div>\t\t\t\t\t\t\n\t\t\t\t\t<\/div>\n\t\t\t\t\t\t\t\n\t\t\t\t\t\n\t\t\t\t\t\t\t<!-- single slider item -->\n\t\t\t\t\t<div class=\"witr_ds_slider_content witr_slick_content\">\n\t\t\t\t\t\t<div class=\" witr_ds_content witr_slick_height  text-center witr_current_id-5a0886d\"  style=\"background-image:url(https:\/\/themexbd.com\/themex\/business2\/wp-content\/uploads\/2020\/10\/tslider2.png);\">\n\t\t\t\t\t\t\t<div class=\"witr_ds_content_inner container\">\n\t\t\t\t\t\t\t\t<!-- title -->\n\t\t\t\t\t\t\t\t\t\t\t\t\t\t\t\t\t<h1>Mais do que neg\u00f3cios<\/h1>\n\t\t\t\t\t\t\t\t\t\t\t\t\t\t\t\t<!-- title 2 -->\n\t\t\t\t\t\t\t\t\t\t\t\t\t\t\t\t\t<h2>Comunidade e o Mercado<\/h2>\n\t\t\t\t\t\t\t\t\t\t\t\t\t\t\t\t<!-- title 3 -->\n\t\t\t\t\t\t\t\t\t\t\t\t\t\t\t\t<!-- content -->\n\t\t\t\t\t\t\t\t\t\t\t\t\t\t\t\t\t<p>Investimos em projetos sociais desde 1996 e em parcerias de impacto. Com a aquisi\u00e7\u00e3o do FJBank, oferecemos um banco digital com taxas competitivas e foco na excel\u00eancia, ajudando clientes e empresas a prosperarem.<\/p>\n\t\t\t\t\t\t\t\t\t\t\t\t\t\t\t\n\t\t\t\t\t\t\t\n\t\t\t\t\t\t\n\t\t\t\t\t\t\t\n\t\t\t\t\t\t\t\n\t\t\t\t<!-- btn gradient style -->\n\t\t\t\t<div class=\"slider_btn\">\n\t\t\t\t\t<div class=\"witr_btn_style\">\n\t\t\t\t\t\t<div class=\"witr_btn_sinner\">\n\t\t\t\t\t\t\t<!-- button -->\n\t\t\t\t\t\t\t\n\t\t\t\t\t\t\t<!-- video button -->\n\t\t\t\t\t\t\t\t\t\t\t\t\n\t\t\t\t\t\t\t\t\t\t<\/div>\n\t\t\t\t\t\t\t\t\t<\/div>\n\t\t\t\t\t\t\t\t<\/div>\t\t\t\t\t\t\t\n\t\t\t\t\t\t\t<\/div>\n\t\t\t\t\t\t<\/div>\t\t\t\t\t\t\n\t\t\t\t\t<\/div>\n\t\t\t\t\t\t\t\n\t\t\t\t\t\n\t\t\t\n\t\t\t<\/div> <!-- end slick slider -->\n\t\t\t\n\t\t\t\t<!-- social -->\n\t\t\t<!-- end slider area --> \n\t<script type='text\/javascript'>\n\t\tjQuery(function($){\n\n\n\t\t\t\/*====== Screenshots Slide Slick =======*\/\n\t\t\t$('.simages_id1').slick({\t\n\n\t\t\t\tinfinite: true,\n\t\t\t\tautoplay: true,\n\t\t\t\tautoplaySpeed: 2000,\n\t\t\t\tspeed: 1000,\t\t\t\t\t\n\t\t\t\tslidesToShow: 1,\n\t\t\t\tslidesToScroll: 1,\n\t\t\t\tcenterMode: true,\n\t\t\t\tcenterPadding: '0',\t\t\t\t\t\n\t\t\t\tarrows: true,\n\t\t\t\tdots: false,\n\t\t\t\tresponsive: [\n\t\t\t\t\t{\n\t\t\t\t\t\tbreakpoint: 1200,\n\t\t\t\t\t\tsettings: {\n\t\t\t\t\t\t\tslidesToShow: 1,\n\t\t\t\t\t\t\tslidesToScroll: 1,\n\t\t\t\t\t\t}\n\t\t\t\t},\n\t\t\t\t\t{\n\t\t\t\t\t\tbreakpoint: 992,\n\t\t\t\t\t\tsettings: {\n\t\t\t\t\t\t\tslidesToShow: 1,\n\t\t\t\t\t\t\tslidesToScroll: 1,\n\t\t\t\t\t\t}\n\t\t\t\t},\n\t\t\t\t\t{\n\t\t\t\t\t\tbreakpoint: 768,\n\t\t\t\t\t\tsettings: {\n\t\t\t\t\t\t\tslidesToShow: 1,\n\t\t\t\t\t\t\tslidesToScroll: 1,\n\t\t\t\t\t\t}\n\t\t\t\t}\n\t\t\t\t\/\/ You can unslick at a given breakpoint now by adding:\n\t\t\t\t\/\/ settings: \"unslick\"\n\t\t\t\t\/\/ instead of a settings object\n\t\t\t\t]\n\t\t\t});\n\n\t\t});\n\t<\/script>\t\t\n\t\t\n\t\t\n\t\t<\/div>\n\t\t\t\t<\/div>\n\t\t\t\t\t<\/div>\n\t\t<\/div>\n\t\t\t\t\t<\/div>\n\t\t<\/section>\n\t\t\t\t<section class=\"elementor-section elementor-top-section elementor-element elementor-element-2056a32 elementor-section-boxed elementor-section-height-default elementor-section-height-default\" data-id=\"2056a32\" data-element_type=\"section\">\n\t\t\t\t\t\t<div class=\"elementor-container elementor-column-gap-default\">\n\t\t\t\t\t<div class=\"elementor-column elementor-col-33 elementor-top-column elementor-element elementor-element-7c7ac15\" data-id=\"7c7ac15\" data-element_type=\"column\">\n\t\t\t<div class=\"elementor-widget-wrap elementor-element-populated\">\n\t\t\t\t\t\t<div class=\"elementor-element elementor-element-2c510bf elementor-widget elementor-widget-witr_section_service\" data-id=\"2c510bf\" data-element_type=\"widget\" data-widget_type=\"witr_section_service.default\">\n\t\t\t\t<div class=\"elementor-widget-container\">\n\t\t\t\n\t\t<div class=\"witr_service_3d witr_service_con_3d\">\n\t\t\t<div class=\"witr_single_service_3d all_color_service text-center\">\n\t\t\t\t<!-- fontent -->\n\t\t\t\t<div class=\"witr_service_front_3d\">\n\t\t\t\t\t<div class=\"witr_service_position\">\n\t\t\t\t\t\t<div class=\"witr_service_content_3d \">\n\t\t\t\t\t\t\t<div class=\"witr_service_icon_3d all_icon_color\">\n\t\t\t\t\t\t\t\t<!-- icon -->\n\t\t\t\t\t\t\t\t<i aria-hidden=\"true\" class=\"fas fa-hands-helping\"><\/i>\t\t\t\t\t\t\t\t<!-- custom icon -->\n\t\t\t\t\t\t\t\t\t\t\t\t\n\t\t\t\t\t\t\t\t<!-- image -->\n\t\t\t\t\t\t\t\t\t\t\t\t\t\t\n\t\t\t\t\t\t\t<\/div>\n\t\t\t\t\t\t\t<!-- title -->\n\t\t\t\t\t\t\t\t\t\t\t\t\t\t\t<h3>Consultoria em Tecnologia <\/h3>\t\t\n\t\t\t\t\t\t\t\t\t\t\t\t\t\t<!-- content -->\n\t\t\t\t\t\t\t\t\t\t\t\t\t\n\t\t\t\t\t\t<\/div>\n\t\t\t\t\t\t<!-- button -->\n\t\t\t\t\t\t\t\t\t\t\t\t\t<div class=\"witr_service_btn_3d\">\n\t\t\t\t\t\t\t<a href=\"#\">Veja mais<\/a>\n\t\t\t\t\t\t\t<\/div>\n\t\t\t\t\t\t\t\n\t\t\t\t\t<\/div>\n\t\t\t\t<\/div>\n\t\t\t\t<!-- bekend -->\n\t\t\t\t<div class=\"witr_service_back_3d\">\n\t\t\t\t\t<div class=\"witr_service_position\">\n\t\t\t\t\t\t<div class=\"witr_service_content_3d\">\n\t\t\t\t\t\t\t<div class=\"witr_service_icon_3d all_icon_color\">\n\t\t\t\t\t\t\t\t<!-- icon -->\n\t\t\t\t\t\t\t\t\t\t\t\t\t\t\t\t<!-- custom icon -->\n\t\t\t\t\t\t\t\t\t\t\t\t\n\t\t\t\t\t\t\t\t<!-- image -->\n\t\t\t\t\t\t\t\t\t\t\t\t\t\t\n\t\t\t\t\t\t\t<\/div>\n\t\t\t\t\t\t\t<!-- title -->\n\t\t\t\t\t\t\t\t\t\t\t\t\t\t\t<h3>Fabio Moreira <\/h3>\t\t\n\t\t\t\t\t\t\t\t\t\t\t\t\t\t<!-- content -->\n\t\t\t\t\t\t\t\t\t\t\t\t\t\t\t<p>Nossa expertise em tecnologia come\u00e7ou em 2007 e continua s\u00f3lida, oferecendo solu\u00e7\u00f5es inovadoras e personalizadas para empresas de todos os portes. <\/p>\t\t\n\t\t\t\t\t\t\t\t\t\t\t\t\t\n\t\t\t\t\t\t<\/div>\n\t\t\t\t\t\t\n\t\t\t\t\t\t<!-- button -->\n\t\t\t\t\t\t\t\t\t\t\t\t\t<div class=\"witr_service_btn_3d\">\n\t\t\t\t\t\t\t<a href=\"https:\/\/fabiosilvamoreira.com.br\/\">Veja Mais<\/a>\n\t\t\t\t\t\t\t<\/div>\n\t\t\t\t\t\t\t\t\t\t\t\n\t\t\t\t\t\t\n\t\t\t\t\t<\/div>\n\t\t\t\t<\/div>\n\t\t\t<\/div>\n\t\t<\/div>\n\t\t\t\t\n\n\t\t\t\t<\/div>\n\t\t\t\t<\/div>\n\t\t\t\t\t<\/div>\n\t\t<\/div>\n\t\t\t\t<div class=\"elementor-column elementor-col-33 elementor-top-column elementor-element elementor-element-fefed36\" data-id=\"fefed36\" data-element_type=\"column\">\n\t\t\t<div class=\"elementor-widget-wrap elementor-element-populated\">\n\t\t\t\t\t\t<div class=\"elementor-element elementor-element-b3ced93 elementor-widget elementor-widget-witr_section_service\" data-id=\"b3ced93\" data-element_type=\"widget\" data-widget_type=\"witr_section_service.default\">\n\t\t\t\t<div class=\"elementor-widget-container\">\n\t\t\t\n\t\t<div class=\"witr_service_3d witr_service_con_3d\">\n\t\t\t<div class=\"witr_single_service_3d all_color_service text-center\">\n\t\t\t\t<!-- fontent -->\n\t\t\t\t<div class=\"witr_service_front_3d\">\n\t\t\t\t\t<div class=\"witr_service_position\">\n\t\t\t\t\t\t<div class=\"witr_service_content_3d \">\n\t\t\t\t\t\t\t<div class=\"witr_service_icon_3d all_icon_color\">\n\t\t\t\t\t\t\t\t<!-- icon -->\n\t\t\t\t\t\t\t\t<i aria-hidden=\"true\" class=\"fas fa-project-diagram\"><\/i>\t\t\t\t\t\t\t\t<!-- custom icon -->\n\t\t\t\t\t\t\t\t\t\t\t\t\n\t\t\t\t\t\t\t\t<!-- image -->\n\t\t\t\t\t\t\t\t\t\t\t\t\t\t\n\t\t\t\t\t\t\t<\/div>\n\t\t\t\t\t\t\t<!-- title -->\n\t\t\t\t\t\t\t\t\t\t\t\t\t\t\t<h3>Distribui\u00e7\u00e3o de Produtos <\/h3>\t\t\n\t\t\t\t\t\t\t\t\t\t\t\t\t\t<!-- content -->\n\t\t\t\t\t\t\t\t\t\t\t\t\t\n\t\t\t\t\t\t<\/div>\n\t\t\t\t\t\t<!-- button -->\n\t\t\t\t\t\t\t\t\t\t\t\t\t<div class=\"witr_service_btn_3d\">\n\t\t\t\t\t\t\t<a href=\"#\">Veja MAis<\/a>\n\t\t\t\t\t\t\t<\/div>\n\t\t\t\t\t\t\t\n\t\t\t\t\t<\/div>\n\t\t\t\t<\/div>\n\t\t\t\t<!-- bekend -->\n\t\t\t\t<div class=\"witr_service_back_3d\">\n\t\t\t\t\t<div class=\"witr_service_position\">\n\t\t\t\t\t\t<div class=\"witr_service_content_3d\">\n\t\t\t\t\t\t\t<div class=\"witr_service_icon_3d all_icon_color\">\n\t\t\t\t\t\t\t\t<!-- icon -->\n\t\t\t\t\t\t\t\t\t\t\t\t\t\t\t\t<!-- custom icon -->\n\t\t\t\t\t\t\t\t\t\t\t\t\n\t\t\t\t\t\t\t\t<!-- image -->\n\t\t\t\t\t\t\t\t\t\t\t\t\t\t\n\t\t\t\t\t\t\t<\/div>\n\t\t\t\t\t\t\t<!-- title -->\n\t\t\t\t\t\t\t\t\t\t\t\t\t\t\t<h3>MultiFour <\/h3>\t\t\n\t\t\t\t\t\t\t\t\t\t\t\t\t\t<!-- content -->\n\t\t\t\t\t\t\t\t\t\t\t\t\t\t\t<p>A MultiFour Distribuidora, fundada em 2012, fornece produtos de alta qualidade, conectando fabricantes a mercados em expans\u00e3o. <\/p>\t\t\n\t\t\t\t\t\t\t\t\t\t\t\t\t\n\t\t\t\t\t\t<\/div>\n\t\t\t\t\t\t\n\t\t\t\t\t\t<!-- button -->\n\t\t\t\t\t\t\t\t\t\t\t\t\t<div class=\"witr_service_btn_3d\">\n\t\t\t\t\t\t\t<a href=\"https:\/\/www.multifour.com.br\/\">Veja Mais<\/a>\n\t\t\t\t\t\t\t<\/div>\n\t\t\t\t\t\t\t\t\t\t\t\n\t\t\t\t\t\t\n\t\t\t\t\t<\/div>\n\t\t\t\t<\/div>\n\t\t\t<\/div>\n\t\t<\/div>\n\t\t\t\t\n\n\t\t\t\t<\/div>\n\t\t\t\t<\/div>\n\t\t\t\t\t<\/div>\n\t\t<\/div>\n\t\t\t\t<div class=\"elementor-column elementor-col-33 elementor-top-column elementor-element elementor-element-36862cd\" data-id=\"36862cd\" data-element_type=\"column\">\n\t\t\t<div class=\"elementor-widget-wrap elementor-element-populated\">\n\t\t\t\t\t\t<div class=\"elementor-element elementor-element-57d26ce elementor-widget elementor-widget-witr_section_service\" data-id=\"57d26ce\" data-element_type=\"widget\" data-widget_type=\"witr_section_service.default\">\n\t\t\t\t<div class=\"elementor-widget-container\">\n\t\t\t\n\t\t<div class=\"witr_service_3d witr_service_con_3d\">\n\t\t\t<div class=\"witr_single_service_3d all_color_service text-center\">\n\t\t\t\t<!-- fontent -->\n\t\t\t\t<div class=\"witr_service_front_3d\">\n\t\t\t\t\t<div class=\"witr_service_position\">\n\t\t\t\t\t\t<div class=\"witr_service_content_3d \">\n\t\t\t\t\t\t\t<div class=\"witr_service_icon_3d all_icon_color\">\n\t\t\t\t\t\t\t\t<!-- icon -->\n\t\t\t\t\t\t\t\t<i aria-hidden=\"true\" class=\"fas fa-donate\"><\/i>\t\t\t\t\t\t\t\t<!-- custom icon -->\n\t\t\t\t\t\t\t\t\t\t\t\t\n\t\t\t\t\t\t\t\t<!-- image -->\n\t\t\t\t\t\t\t\t\t\t\t\t\t\t\n\t\t\t\t\t\t\t<\/div>\n\t\t\t\t\t\t\t<!-- title -->\n\t\t\t\t\t\t\t\t\t\t\t\t\t\t\t<h3>Servi\u00e7os Financeiros <\/h3>\t\t\n\t\t\t\t\t\t\t\t\t\t\t\t\t\t<!-- content -->\n\t\t\t\t\t\t\t\t\t\t\t\t\t\n\t\t\t\t\t\t<\/div>\n\t\t\t\t\t\t<!-- button -->\n\t\t\t\t\t\t\t\t\t\t\t\t\t<div class=\"witr_service_btn_3d\">\n\t\t\t\t\t\t\t<a href=\"#\">Veja Mais<\/a>\n\t\t\t\t\t\t\t<\/div>\n\t\t\t\t\t\t\t\n\t\t\t\t\t<\/div>\n\t\t\t\t<\/div>\n\t\t\t\t<!-- bekend -->\n\t\t\t\t<div class=\"witr_service_back_3d\">\n\t\t\t\t\t<div class=\"witr_service_position\">\n\t\t\t\t\t\t<div class=\"witr_service_content_3d\">\n\t\t\t\t\t\t\t<div class=\"witr_service_icon_3d all_icon_color\">\n\t\t\t\t\t\t\t\t<!-- icon -->\n\t\t\t\t\t\t\t\t\t\t\t\t\t\t\t\t<!-- custom icon -->\n\t\t\t\t\t\t\t\t\t\t\t\t\n\t\t\t\t\t\t\t\t<!-- image -->\n\t\t\t\t\t\t\t\t\t\t\t\t\t\t\n\t\t\t\t\t\t\t<\/div>\n\t\t\t\t\t\t\t<!-- title -->\n\t\t\t\t\t\t\t\t\t\t\t\t\t\t\t<h3>FJBank, <\/h3>\t\t\n\t\t\t\t\t\t\t\t\t\t\t\t\t\t<!-- content -->\n\t\t\t\t\t\t\t\t\t\t\t\t\t\t\t<p>Com o FJBank, oferecemos uma experi\u00eancia banc\u00e1ria digital com taxas competitivas e solu\u00e7\u00f5es seguras em meios de pagamento para empresas e indiv\u00edduos. <\/p>\t\t\n\t\t\t\t\t\t\t\t\t\t\t\t\t\n\t\t\t\t\t\t<\/div>\n\t\t\t\t\t\t\n\t\t\t\t\t\t<!-- button -->\n\t\t\t\t\t\t\t\t\t\t\t\t\t<div class=\"witr_service_btn_3d\">\n\t\t\t\t\t\t\t<a href=\"http:\/\/fjbank.com.br\/\">Veja Mais<\/a>\n\t\t\t\t\t\t\t<\/div>\n\t\t\t\t\t\t\t\t\t\t\t\n\t\t\t\t\t\t\n\t\t\t\t\t<\/div>\n\t\t\t\t<\/div>\n\t\t\t<\/div>\n\t\t<\/div>\n\t\t\t\t\n\n\t\t\t\t<\/div>\n\t\t\t\t<\/div>\n\t\t\t\t\t<\/div>\n\t\t<\/div>\n\t\t\t\t\t<\/div>\n\t\t<\/section>\n\t\t\t\t<section class=\"elementor-section elementor-top-section elementor-element elementor-element-07a8951 elementor-section-boxed elementor-section-height-default elementor-section-height-default\" data-id=\"07a8951\" data-element_type=\"section\" data-settings=\"{&quot;background_background&quot;:&quot;classic&quot;}\">\n\t\t\t\t\t\t<div class=\"elementor-container elementor-column-gap-default\">\n\t\t\t\t\t<div class=\"elementor-column elementor-col-50 elementor-top-column elementor-element elementor-element-fae9f54 elementor-invisible\" data-id=\"fae9f54\" data-element_type=\"column\" data-settings=\"{&quot;animation&quot;:&quot;headShake&quot;}\">\n\t\t\t<div class=\"elementor-widget-wrap elementor-element-populated\">\n\t\t\t\t\t\t<div class=\"elementor-element elementor-element-212d821 elementor-widget elementor-widget-image\" data-id=\"212d821\" data-element_type=\"widget\" data-widget_type=\"image.default\">\n\t\t\t\t<div class=\"elementor-widget-container\">\n\t\t\t\t\t\t\t\t\t\t\t\t\t<img fetchpriority=\"high\" decoding=\"async\" width=\"559\" height=\"447\" src=\"https:\/\/fmcorp.com.br\/wp-content\/uploads\/2024\/11\/fabiooo-removebg-preview.png\" class=\"attachment-full size-full wp-image-20189\" alt=\"\" srcset=\"https:\/\/fmcorp.com.br\/wp-content\/uploads\/2024\/11\/fabiooo-removebg-preview.png 559w, https:\/\/fmcorp.com.br\/wp-content\/uploads\/2024\/11\/fabiooo-removebg-preview-300x240.png 300w, https:\/\/fmcorp.com.br\/wp-content\/uploads\/2024\/11\/fabiooo-removebg-preview-100x80.png 100w\" sizes=\"(max-width: 559px) 100vw, 559px\" \/>\t\t\t\t\t\t\t\t\t\t\t\t\t<\/div>\n\t\t\t\t<\/div>\n\t\t\t\t\t<\/div>\n\t\t<\/div>\n\t\t\t\t<div class=\"elementor-column elementor-col-50 elementor-top-column elementor-element elementor-element-9b3a54f\" data-id=\"9b3a54f\" data-element_type=\"column\">\n\t\t\t<div class=\"elementor-widget-wrap elementor-element-populated\">\n\t\t\t\t\t\t<div class=\"elementor-element elementor-element-1a38a93 elementor-widget elementor-widget-witr_section_t_widget\" data-id=\"1a38a93\" data-element_type=\"widget\" data-widget_type=\"witr_section_t_widget.default\">\n\t\t\t\t<div class=\"elementor-widget-container\">\n\t\t\t\t\t\t\t\t<!-- text widget center -->\n\t\t\t\t\t<div class=\"witr_text_widget\">\n\t\t\t\t\t\t<div class=\"witr_text_widget_inner\">\n\t\t\t\t\t\t\t<!-- text widget top -->\n\t\t\t\t\t\t\t\t\t\t\t\t\t\t\t<h1>Compromisso com a Comunidade e o Mercado<\/h1>\t\t\n\t\t\t\t\t\t\t\t\t\t\t\t\t\n\t\t\t\t\t\t\t<!-- text widget middle -->\n\t\t\t\t\t\t\t\t\t\t\t\t\t\t\t<h2>Portf\u00f3lio diversificado de servi\u00e7os<\/h2>\t\t\n\t\t\t\t\t\t\t\t\t\t\t\t\t\t<!-- text widget bottom -->\n\t\t\t\t\t\t\t\t\t\t\t\t\t\n\t\t\t\t\t\t\t\n\t\t\t\t\t\t\t<!-- content -->\n\t\t\t\t\t\t\t\t\t\t\t\t\t\t\n\t\t\t\t\t\t\t<!--- repeater content --->\n\t\t\t\t\t\t\t\n\t\t\t\t\t\t\t\t\t\t\t\t\t\t\n\t\t\t\t\t\t<\/div>\n\t\t\t\t\t<\/div>\n\n\t\t\t\t\t\t<\/div>\n\t\t\t\t<\/div>\n\t\t\t\t<div class=\"elementor-element elementor-element-1066c0b elementor-widget elementor-widget-accordion\" data-id=\"1066c0b\" data-element_type=\"widget\" data-widget_type=\"accordion.default\">\n\t\t\t\t<div class=\"elementor-widget-container\">\n\t\t\t\t\t<div class=\"elementor-accordion\">\n\t\t\t\t\t\t\t<div class=\"elementor-accordion-item\">\n\t\t\t\t\t<div id=\"elementor-tab-title-1711\" class=\"elementor-tab-title\" data-tab=\"1\" role=\"button\" aria-controls=\"elementor-tab-content-1711\" aria-expanded=\"false\">\n\t\t\t\t\t\t\t\t\t\t\t\t\t<span class=\"elementor-accordion-icon elementor-accordion-icon-left\" aria-hidden=\"true\">\n\t\t\t\t\t\t\t\t\t\t\t\t\t\t\t<span class=\"elementor-accordion-icon-closed\"><i class=\"fas fa-plus\"><\/i><\/span>\n\t\t\t\t\t\t\t\t<span class=\"elementor-accordion-icon-opened\"><i class=\"fas fa-minus\"><\/i><\/span>\n\t\t\t\t\t\t\t\t\t\t\t\t\t\t<\/span>\n\t\t\t\t\t\t\t\t\t\t\t\t<a class=\"elementor-accordion-title\" tabindex=\"0\">Servi\u00e7os Financeiros<\/a>\n\t\t\t\t\t<\/div>\n\t\t\t\t\t<div id=\"elementor-tab-content-1711\" class=\"elementor-tab-content elementor-clearfix\" data-tab=\"1\" role=\"region\" aria-labelledby=\"elementor-tab-title-1711\"><p>Com o FJBank, oferecemos uma experi\u00eancia banc\u00e1ria digital com taxas competitivas e solu\u00e7\u00f5es seguras em meios de pagamento para empresas e indiv\u00edduos.<\/p><\/div>\n\t\t\t\t<\/div>\n\t\t\t\t\t\t\t<div class=\"elementor-accordion-item\">\n\t\t\t\t\t<div id=\"elementor-tab-title-1712\" class=\"elementor-tab-title\" data-tab=\"2\" role=\"button\" aria-controls=\"elementor-tab-content-1712\" aria-expanded=\"false\">\n\t\t\t\t\t\t\t\t\t\t\t\t\t<span class=\"elementor-accordion-icon elementor-accordion-icon-left\" aria-hidden=\"true\">\n\t\t\t\t\t\t\t\t\t\t\t\t\t\t\t<span class=\"elementor-accordion-icon-closed\"><i class=\"fas fa-plus\"><\/i><\/span>\n\t\t\t\t\t\t\t\t<span class=\"elementor-accordion-icon-opened\"><i class=\"fas fa-minus\"><\/i><\/span>\n\t\t\t\t\t\t\t\t\t\t\t\t\t\t<\/span>\n\t\t\t\t\t\t\t\t\t\t\t\t<a class=\"elementor-accordion-title\" tabindex=\"0\">Distribui\u00e7\u00e3o de Produtos<\/a>\n\t\t\t\t\t<\/div>\n\t\t\t\t\t<div id=\"elementor-tab-content-1712\" class=\"elementor-tab-content elementor-clearfix\" data-tab=\"2\" role=\"region\" aria-labelledby=\"elementor-tab-title-1712\"><p>A MultiFour Distribuidora, fundada em 2012, fornece produtos de alta qualidade, conectando fabricantes a mercados em expans\u00e3o.<\/p><\/div>\n\t\t\t\t<\/div>\n\t\t\t\t\t\t\t<div class=\"elementor-accordion-item\">\n\t\t\t\t\t<div id=\"elementor-tab-title-1713\" class=\"elementor-tab-title\" data-tab=\"3\" role=\"button\" aria-controls=\"elementor-tab-content-1713\" aria-expanded=\"false\">\n\t\t\t\t\t\t\t\t\t\t\t\t\t<span class=\"elementor-accordion-icon elementor-accordion-icon-left\" aria-hidden=\"true\">\n\t\t\t\t\t\t\t\t\t\t\t\t\t\t\t<span class=\"elementor-accordion-icon-closed\"><i class=\"fas fa-plus\"><\/i><\/span>\n\t\t\t\t\t\t\t\t<span class=\"elementor-accordion-icon-opened\"><i class=\"fas fa-minus\"><\/i><\/span>\n\t\t\t\t\t\t\t\t\t\t\t\t\t\t<\/span>\n\t\t\t\t\t\t\t\t\t\t\t\t<a class=\"elementor-accordion-title\" tabindex=\"0\">Consultoria em Tecnologia<\/a>\n\t\t\t\t\t<\/div>\n\t\t\t\t\t<div id=\"elementor-tab-content-1713\" class=\"elementor-tab-content elementor-clearfix\" data-tab=\"3\" role=\"region\" aria-labelledby=\"elementor-tab-title-1713\"><ul>\n<li>\n<p>Nossa expertise em tecnologia come\u00e7ou em 2007 e continua s\u00f3lida, oferecendo solu\u00e7\u00f5es inovadoras e personalizadas para empresas de todos os portes.<\/p>\n<\/li>\n<li>\n<p>\u00a0<\/p>\n<\/li>\n<\/ul><\/div>\n\t\t\t\t<\/div>\n\t\t\t\t\t\t\t\t<\/div>\n\t\t\t\t<\/div>\n\t\t\t\t<\/div>\n\t\t\t\t\t<\/div>\n\t\t<\/div>\n\t\t\t\t\t<\/div>\n\t\t<\/section>\n\t\t\t\t<section class=\"elementor-section elementor-top-section elementor-element elementor-element-c9edefe elementor-section-boxed elementor-section-height-default elementor-section-height-default\" data-id=\"c9edefe\" data-element_type=\"section\" data-settings=\"{&quot;background_background&quot;:&quot;classic&quot;}\">\n\t\t\t\t\t\t<div class=\"elementor-container elementor-column-gap-default\">\n\t\t\t\t\t<div class=\"elementor-column elementor-col-100 elementor-top-column elementor-element elementor-element-b2b7c8b\" data-id=\"b2b7c8b\" data-element_type=\"column\">\n\t\t\t<div class=\"elementor-widget-wrap\">\n\t\t\t\t\t\t\t<\/div>\n\t\t<\/div>\n\t\t\t\t\t<\/div>\n\t\t<\/section>\n\t\t\t\t<\/div>\n\t\t","protected":false},"excerpt":{"rendered":"<p>Inova\u00e7\u00e3o e Experi\u00eancia Transformando Neg\u00f3cios Nossa holding foi fundada com o compromisso de transformar neg\u00f3cios atrav\u00e9s de tecnologia, distribui\u00e7\u00e3o e servi\u00e7os financeiros. Mais do que neg\u00f3cios Comunidade e o Mercado Investimos em projetos sociais desde 1996 e em parcerias de impacto. Com a aquisi\u00e7\u00e3o do FJBank, oferecemos um banco digital com taxas competitivas e foco [&hellip;]<\/p>\n","protected":false},"author":1,"featured_media":0,"parent":0,"menu_order":0,"comment_status":"closed","ping_status":"closed","template":"template-home.php","meta":{"footnotes":""},"class_list":["post-3635","page","type-page","status-publish","hentry"],"_links":{"self":[{"href":"https:\/\/fmcorp.com.br\/index.php\/wp-json\/wp\/v2\/pages\/3635"}],"collection":[{"href":"https:\/\/fmcorp.com.br\/index.php\/wp-json\/wp\/v2\/pages"}],"about":[{"href":"https:\/\/fmcorp.com.br\/index.php\/wp-json\/wp\/v2\/types\/page"}],"author":[{"embeddable":true,"href":"https:\/\/fmcorp.com.br\/index.php\/wp-json\/wp\/v2\/users\/1"}],"replies":[{"embeddable":true,"href":"https:\/\/fmcorp.com.br\/index.php\/wp-json\/wp\/v2\/comments?post=3635"}],"version-history":[{"count":24,"href":"https:\/\/fmcorp.com.br\/index.php\/wp-json\/wp\/v2\/pages\/3635\/revisions"}],"predecessor-version":[{"id":20294,"href":"https:\/\/fmcorp.com.br\/index.php\/wp-json\/wp\/v2\/pages\/3635\/revisions\/20294"}],"wp:attachment":[{"href":"https:\/\/fmcorp.com.br\/index.php\/wp-json\/wp\/v2\/media?parent=3635"}],"curies":[{"name":"wp","href":"https:\/\/api.w.org\/{rel}","templated":true}]}}