{"id":415,"date":"2020-06-10T18:03:45","date_gmt":"2020-06-10T18:03:45","guid":{"rendered":"http:\/\/localhost\/context\/?page_id=415"},"modified":"2024-11-11T15:08:34","modified_gmt":"2024-11-11T15:08:34","slug":"contact","status":"publish","type":"page","link":"https:\/\/fmcorp.com.br\/index.php\/contact\/","title":{"rendered":"Contato"},"content":{"rendered":"\t\t<div data-elementor-type=\"wp-page\" data-elementor-id=\"415\" class=\"elementor elementor-415\" data-elementor-post-type=\"page\">\n\t\t\t\t\t\t<section class=\"elementor-section elementor-top-section elementor-element elementor-element-54db528 elementor-section-boxed elementor-section-height-default elementor-section-height-default\" data-id=\"54db528\" data-element_type=\"section\" data-settings=\"{&quot;background_background&quot;:&quot;classic&quot;}\">\n\t\t\t\t\t\t<div class=\"elementor-container elementor-column-gap-default\">\n\t\t\t\t\t<div class=\"elementor-column elementor-col-100 elementor-top-column elementor-element elementor-element-db5d081\" data-id=\"db5d081\" data-element_type=\"column\">\n\t\t\t<div class=\"elementor-widget-wrap elementor-element-populated\">\n\t\t\t\t\t\t<section class=\"elementor-section elementor-inner-section elementor-element elementor-element-b0699af elementor-section-boxed elementor-section-height-default elementor-section-height-default\" data-id=\"b0699af\" data-element_type=\"section\">\n\t\t\t\t\t\t<div class=\"elementor-container elementor-column-gap-default\">\n\t\t\t\t\t<div class=\"elementor-column elementor-col-100 elementor-inner-column elementor-element elementor-element-6024498\" data-id=\"6024498\" data-element_type=\"column\">\n\t\t\t<div class=\"elementor-widget-wrap elementor-element-populated\">\n\t\t\t\t\t\t<div class=\"elementor-element elementor-element-b0b7676 elementor-widget elementor-widget-heading\" data-id=\"b0b7676\" data-element_type=\"widget\" data-widget_type=\"heading.default\">\n\t\t\t\t<div class=\"elementor-widget-container\">\n\t\t\t<h2 class=\"elementor-heading-title elementor-size-default\">Entre em Contato Conosco<\/h2>\t\t<\/div>\n\t\t\t\t<\/div>\n\t\t\t\t<div class=\"elementor-element elementor-element-1e3dfbd elementor-widget elementor-widget-text-editor\" data-id=\"1e3dfbd\" data-element_type=\"widget\" data-widget_type=\"text-editor.default\">\n\t\t\t\t<div class=\"elementor-widget-container\">\n\t\t\t\t\t\t\t<p>Temos o prazer em ajudar voc\u00ea a entender como nossos servi\u00e7os podem beneficiar seu neg\u00f3cio. Entre em contato conosco para saber mais sobre nossos servi\u00e7os de tecnologia, distribui\u00e7\u00e3o e finan\u00e7as.<\/p>\t\t\t\t\t\t<\/div>\n\t\t\t\t<\/div>\n\t\t\t\t<div class=\"elementor-element elementor-element-836e28a elementor-widget elementor-widget-shortcode\" data-id=\"836e28a\" data-element_type=\"widget\" data-widget_type=\"shortcode.default\">\n\t\t\t\t<div class=\"elementor-widget-container\">\n\t\t\t\t\t<div class=\"elementor-shortcode\">\n<div class=\"wpcf7 no-js\" id=\"wpcf7-f414-o1\" lang=\"en-US\" dir=\"ltr\" data-wpcf7-id=\"414\">\n<div class=\"screen-reader-response\"><p role=\"status\" aria-live=\"polite\" aria-atomic=\"true\"><\/p> <ul><\/ul><\/div>\n<form action=\"\/index.php\/wp-json\/wp\/v2\/pages\/415#wpcf7-f414-o1\" method=\"post\" class=\"wpcf7-form init\" aria-label=\"Contact form\" novalidate=\"novalidate\" data-status=\"init\">\n<div style=\"display: none;\">\n<input type=\"hidden\" name=\"_wpcf7\" value=\"414\" \/>\n<input type=\"hidden\" name=\"_wpcf7_version\" value=\"6.0\" \/>\n<input type=\"hidden\" name=\"_wpcf7_locale\" value=\"en_US\" \/>\n<input type=\"hidden\" name=\"_wpcf7_unit_tag\" value=\"wpcf7-f414-o1\" \/>\n<input type=\"hidden\" name=\"_wpcf7_container_post\" value=\"0\" \/>\n<input type=\"hidden\" name=\"_wpcf7_posted_data_hash\" value=\"\" \/>\n<\/div>\n<div class=\"witr_form_area2 witr_2width100\">\n\t<div class=\"witr_form_controls2\">\n\t\t<div class=\"witr_field2\">\n\t\t\t<div class=\"witr_form_field2\">\n\t\t\t\t<p><span class=\"wpcf7-form-control-wrap\" data-name=\"text-19\"><input size=\"40\" maxlength=\"400\" class=\"wpcf7-form-control wpcf7-text wpcf7-validates-as-required\" aria-required=\"true\" aria-invalid=\"false\" placeholder=\"Nome*\" value=\"\" type=\"text\" name=\"text-19\" \/><\/span>\n\t\t\t\t<\/p>\n\t\t\t<\/div>\n\t\t\t<div class=\"witr_form_field2\">\n\t\t\t\t<p><span class=\"wpcf7-form-control-wrap\" data-name=\"email-380\"><input size=\"40\" maxlength=\"400\" class=\"wpcf7-form-control wpcf7-email wpcf7-validates-as-required wpcf7-text wpcf7-validates-as-email\" aria-required=\"true\" aria-invalid=\"false\" placeholder=\"Email*\" value=\"\" type=\"email\" name=\"email-380\" \/><\/span>\n\t\t\t\t<\/p>\n\t\t\t<\/div>\n\t\t<\/div>\n\t\t<div class=\"witr_field2\">\n\t\t\t<div class=\"witr_form_field2\">\n\t\t\t\t<p><span class=\"wpcf7-form-control-wrap\" data-name=\"text-675\"><input size=\"40\" maxlength=\"400\" class=\"wpcf7-form-control wpcf7-text\" aria-invalid=\"false\" placeholder=\"Website\" value=\"\" type=\"text\" name=\"text-675\" \/><\/span>\n\t\t\t\t<\/p>\n\t\t\t<\/div>\n\t\t\t<div class=\"witr_form_field2\">\n\t\t\t\t<p><span class=\"wpcf7-form-control-wrap\" data-name=\"text-675\"><input size=\"40\" maxlength=\"400\" class=\"wpcf7-form-control wpcf7-text\" aria-invalid=\"false\" placeholder=\"Assunto\" value=\"\" type=\"text\" name=\"text-675\" \/><\/span>\n\t\t\t\t<\/p>\n\t\t\t<\/div>\n\t\t<\/div>\n\t\t<div class=\"witr_field2\">\n\t\t\t<div class=\"witr_text_area2\">\n\t\t\t\t<p><span class=\"wpcf7-form-control-wrap\" data-name=\"textarea-234\"><textarea cols=\"40\" rows=\"10\" maxlength=\"2000\" class=\"wpcf7-form-control wpcf7-textarea\" aria-invalid=\"false\" placeholder=\"Comentario...\" name=\"textarea-234\"><\/textarea><\/span>\n\t\t\t\t<\/p>\n\t\t\t<\/div>\n\t\t<\/div>\n\t\t<div class=\"witr_field2\">\n\t\t\t<div class=\" witr_con_btn2\">\n\t\t\t\t<p><input class=\"wpcf7-form-control wpcf7-submit has-spinner w_btn2\" type=\"submit\" value=\"Enviar Mensagem\" \/>\n\t\t\t\t<\/p>\n\t\t\t<\/div>\n\t\t<\/div>\n\t<\/div>\n<\/div><div class=\"wpcf7-response-output\" aria-hidden=\"true\"><\/div>\n<\/form>\n<\/div>\n<\/div>\n\t\t\t\t<\/div>\n\t\t\t\t<\/div>\n\t\t\t\t\t<\/div>\n\t\t<\/div>\n\t\t\t\t\t<\/div>\n\t\t<\/section>\n\t\t\t\t\t<\/div>\n\t\t<\/div>\n\t\t\t\t\t<\/div>\n\t\t<\/section>\n\t\t\t\t<section class=\"elementor-section elementor-top-section elementor-element elementor-element-325de03 elementor-section-full_width elementor-section-height-default elementor-section-height-default\" data-id=\"325de03\" data-element_type=\"section\">\n\t\t\t\t\t\t<div class=\"elementor-container elementor-column-gap-no\">\n\t\t\t\t\t<div class=\"elementor-column elementor-col-100 elementor-top-column elementor-element elementor-element-7775cce\" data-id=\"7775cce\" data-element_type=\"column\">\n\t\t\t<div class=\"elementor-widget-wrap elementor-element-populated\">\n\t\t\t\t\t\t<div class=\"elementor-element elementor-element-b89238f elementor-widget elementor-widget-google_maps\" data-id=\"b89238f\" data-element_type=\"widget\" data-widget_type=\"google_maps.default\">\n\t\t\t\t<div class=\"elementor-widget-container\">\n\t\t\t\t\t<div class=\"elementor-custom-embed\">\n\t\t\t<iframe loading=\"lazy\"\n\t\t\t\t\tsrc=\"https:\/\/maps.google.com\/maps?q=%20Estrada%20do%20Campo%20Limpo%2C%204805%20-%20LJ22%20-%20Sala%2003%20CEP%2005758-000&#038;t=m&#038;z=10&#038;output=embed&#038;iwloc=near\"\n\t\t\t\t\ttitle=\" Estrada do Campo Limpo, 4805 - LJ22 - Sala 03 CEP 05758-000\"\n\t\t\t\t\taria-label=\" Estrada do Campo Limpo, 4805 - LJ22 - Sala 03 CEP 05758-000\"\n\t\t\t><\/iframe>\n\t\t<\/div>\n\t\t\t\t<\/div>\n\t\t\t\t<\/div>\n\t\t\t\t\t<\/div>\n\t\t<\/div>\n\t\t\t\t\t<\/div>\n\t\t<\/section>\n\t\t\t\t<\/div>\n\t\t","protected":false},"excerpt":{"rendered":"<p>Entre em Contato Conosco Temos o prazer em ajudar voc\u00ea a entender como nossos servi\u00e7os podem beneficiar seu neg\u00f3cio. Entre em contato conosco para saber mais sobre nossos servi\u00e7os de tecnologia, distribui\u00e7\u00e3o e finan\u00e7as.<\/p>\n","protected":false},"author":1,"featured_media":0,"parent":0,"menu_order":0,"comment_status":"closed","ping_status":"closed","template":"template-home.php","meta":{"footnotes":""},"class_list":["post-415","page","type-page","status-publish","hentry"],"_links":{"self":[{"href":"https:\/\/fmcorp.com.br\/index.php\/wp-json\/wp\/v2\/pages\/415"}],"collection":[{"href":"https:\/\/fmcorp.com.br\/index.php\/wp-json\/wp\/v2\/pages"}],"about":[{"href":"https:\/\/fmcorp.com.br\/index.php\/wp-json\/wp\/v2\/types\/page"}],"author":[{"embeddable":true,"href":"https:\/\/fmcorp.com.br\/index.php\/wp-json\/wp\/v2\/users\/1"}],"replies":[{"embeddable":true,"href":"https:\/\/fmcorp.com.br\/index.php\/wp-json\/wp\/v2\/comments?post=415"}],"version-history":[{"count":9,"href":"https:\/\/fmcorp.com.br\/index.php\/wp-json\/wp\/v2\/pages\/415\/revisions"}],"predecessor-version":[{"id":20234,"href":"https:\/\/fmcorp.com.br\/index.php\/wp-json\/wp\/v2\/pages\/415\/revisions\/20234"}],"wp:attachment":[{"href":"https:\/\/fmcorp.com.br\/index.php\/wp-json\/wp\/v2\/media?parent=415"}],"curies":[{"name":"wp","href":"https:\/\/api.w.org\/{rel}","templated":true}]}}